{"id":26,"date":"2018-03-22T21:16:26","date_gmt":"2018-03-22T20:16:26","guid":{"rendered":"http:\/\/avsplus.fr\/?page_id=26"},"modified":"2019-10-04T10:32:08","modified_gmt":"2019-10-04T08:32:08","slug":"froid-industriel-commercial","status":"publish","type":"page","link":"https:\/\/henriot-froid.fr\/index.php\/ets-henriot-sas\/froid-industriel-commercial\/","title":{"rendered":"FROID INDUSTRIEL ET COMMERCIAL"},"content":{"rendered":"<p><strong>LE FROID\u00a0:<\/strong><\/p>\n<p>-Entrep\u00f4t frigorifique. (Positif ou N\u00e9gatif)<\/p>\n<p>-Froid Agroalimentaire et Viticole.<\/p>\n<p>-Chambre froide alimentaire et de cong\u00e9lation.<\/p>\n<p>-Froid industriel.<\/p>\n<p>\u00a0<\/p>\n<p>HENRIOT SAS \u00a0vous propose son expertise en froid agroalimentaire, viticole et industriel. Nous sommes capables de concevoir des solutions sur mesure, parfaitement adapt\u00e9s \u00e0 vos besoins en mati\u00e8re de conservation, de stockage et de refroidissement de ligne de process. Notre \u00e9quipe est donc \u00e0 votre \u00e9coute pour toute demande en rapport avec le froid.<\/p>\n<p>\u00a0<\/p>\n<p><strong>\u00c9tude de vos besoins en froid\u00a0:<\/strong><\/p>\n<p>Chaque secteur d\u2019activit\u00e9 a ses propres besoins\u00a0: Atmosph\u00e8re r\u00e9gul\u00e9 en temp\u00e9rature et hygrom\u00e9trie.<\/p>\n<p>\u00a0<\/p>\n<p>Notre \u00e9quipe est donc charg\u00e9e de relever pr\u00e9cis\u00e9ment vos besoins en froid pour \u00e9tablir une proposition totalement adapt\u00e9e.<\/p>\n<p>\u00a0<\/p>\n<p>Il existe de nombreuses solutions en r\u00e9frig\u00e9ration. Par exemple, il est possible de mettre en place une installation frigorifique dans vos b\u00e2timents. Une autre possibilit\u00e9 est de vous \u00e9quiper d\u2019appareils de r\u00e9frig\u00e9ration monobloc mobiles ou d\u2019un syst\u00e8me de ventilation. Dans tous les cas, nous devons pr\u00e9ciser qu\u2019il existe de nombreuses technologies sur le march\u00e9 du froid. Leur \u00e9volution est d\u2019ailleurs constante, tendant vers une diminution de l\u2019encombrement pour une puissance frigorifique toujours plus grande. Dans le m\u00eame temps, la performance des machines est meilleure au fil des ann\u00e9es. Les composants des installations en froid changent donc avec le temps, notamment les compresseurs, condensateurs, \u00e9vaporateurs ou d\u00e9tenteurs. Sans entrer dans les d\u00e9tails techniques, nous pouvons souligner que nous restons \u00e0 la pointe de l\u2019innovation. Nous vous proposerons donc du mat\u00e9riel r\u00e9cent et tr\u00e8s performant.<\/p>\n<p>Tout d\u2019abord, notre r\u00f4le est de concevoir une solution sur mesure pour votre entreprise. Pour cela, nous nous appuyons sur l\u2019expertise de notre bureau d\u2019\u00e9tude. Nos \u00e9quipes sont en effet parfaitement habitu\u00e9es \u00e0 travailler dans diff\u00e9rents secteurs. Ainsi, elles en comprennent parfaitement les enjeux et les besoins en mati\u00e8re de froid. Sur cette base, nous concevrons des solutions sp\u00e9cifiques pour votre entreprise.<\/p>\n<p>\u00a0<\/p>\n<p>Ensuite, nous installerons vos \u00e9quipements. Nous avons l\u2019expertise n\u00e9cessaire pour assurer un travail de qualit\u00e9. Pour pr\u00e9cision, nos installateurs proc\u00e9deront \u00e0 la mise en place mais aussi \u00e0 la mise en route des \u00e9quipements. Et pour finir, ils proc\u00e9deront aux essais habituels. Leur mission est termin\u00e9e uniquement lorsqu\u2019ils ont l\u2019assurance que votre syst\u00e8me de r\u00e9frig\u00e9ration est en parfait \u00e9tat de marche.<\/p>\n<p>\u00a0<\/p>\n<p>Enfin, nos \u00e9quipes sont en mesure d\u2019assurer l\u2019entretien et la maintenance de vos installations. Nous pouvons ainsi vous fournir une solution cl\u00e9 en main, depuis la fourniture de vos \u00e9quipements jusqu\u2019\u00e0 leur maintenance en passant par leur installation. Cela vous permet d\u2019avoir un seul et m\u00eame interlocuteur, ce qui vous fait gagner du temps. Ensuite, connaissant parfaitement nos \u00e9quipements, vous avez la garantie que l\u2019entretien sera bien fait. En l\u2019occurrence, vous pouvez vous fier sur notre longue exp\u00e9rience dans la maintenance de mat\u00e9riels frigorifiques.<\/p>\n<p>Comme vous le verrez, nous proposons plusieurs options pour l\u2019entretien et la maintenance de vos installations.<\/p>\n<p><strong>\u00a0<\/strong><\/p>\n\n\n<ul class=\"wp-block-gallery aligncenter columns-3 is-cropped wp-block-gallery-1 is-layout-flex wp-block-gallery-is-layout-flex\"><li class=\"blocks-gallery-item\"><figure><img loading=\"lazy\" decoding=\"async\" width=\"1024\" height=\"768\" src=\"http:\/\/henriot-froid.fr\/wp-content\/uploads\/2019\/10\/IMG_3134-1-1024x768.jpg\" alt=\"\" data-id=\"257\" data-link=\"http:\/\/henriot-froid.fr\/index.php\/ets-henriot-sas\/froid-industriel-commercial\/img_3134-1\/\" class=\"wp-image-257\" srcset=\"https:\/\/henriot-froid.fr\/wp-content\/uploads\/2019\/10\/IMG_3134-1-1024x768.jpg 1024w, https:\/\/henriot-froid.fr\/wp-content\/uploads\/2019\/10\/IMG_3134-1-300x225.jpg 300w, https:\/\/henriot-froid.fr\/wp-content\/uploads\/2019\/10\/IMG_3134-1-768x576.jpg 768w, https:\/\/henriot-froid.fr\/wp-content\/uploads\/2019\/10\/IMG_3134-1-800x600.jpg 800w\" sizes=\"(max-width: 1024px) 100vw, 1024px\" \/><\/figure><\/li><li class=\"blocks-gallery-item\"><figure><img loading=\"lazy\" decoding=\"async\" width=\"1024\" height=\"768\" src=\"http:\/\/henriot-froid.fr\/wp-content\/uploads\/2019\/10\/IMG_3124-1024x768.jpg\" alt=\"\" data-id=\"255\" data-link=\"http:\/\/henriot-froid.fr\/index.php\/ets-henriot-sas\/froid-industriel-commercial\/img_3124\/\" class=\"wp-image-255\" srcset=\"https:\/\/henriot-froid.fr\/wp-content\/uploads\/2019\/10\/IMG_3124-1024x768.jpg 1024w, https:\/\/henriot-froid.fr\/wp-content\/uploads\/2019\/10\/IMG_3124-300x225.jpg 300w, https:\/\/henriot-froid.fr\/wp-content\/uploads\/2019\/10\/IMG_3124-768x576.jpg 768w, https:\/\/henriot-froid.fr\/wp-content\/uploads\/2019\/10\/IMG_3124-800x600.jpg 800w\" sizes=\"(max-width: 1024px) 100vw, 1024px\" \/><\/figure><\/li><li class=\"blocks-gallery-item\"><figure><img loading=\"lazy\" decoding=\"async\" width=\"1024\" height=\"768\" src=\"http:\/\/henriot-froid.fr\/wp-content\/uploads\/2019\/10\/IMG_3269-1024x768.jpg\" alt=\"\" data-id=\"251\" data-link=\"http:\/\/henriot-froid.fr\/index.php\/ets-henriot-sas\/froid-industriel-commercial\/img_3269\/\" class=\"wp-image-251\" srcset=\"https:\/\/henriot-froid.fr\/wp-content\/uploads\/2019\/10\/IMG_3269-1024x768.jpg 1024w, https:\/\/henriot-froid.fr\/wp-content\/uploads\/2019\/10\/IMG_3269-300x225.jpg 300w, https:\/\/henriot-froid.fr\/wp-content\/uploads\/2019\/10\/IMG_3269-768x576.jpg 768w, https:\/\/henriot-froid.fr\/wp-content\/uploads\/2019\/10\/IMG_3269-800x600.jpg 800w\" sizes=\"(max-width: 1024px) 100vw, 1024px\" \/><\/figure><\/li><\/ul>\n\n\n\n<ul class=\"wp-block-gallery columns-4 wp-block-gallery-2 is-layout-flex wp-block-gallery-is-layout-flex\"><li class=\"blocks-gallery-item\"><figure><img loading=\"lazy\" decoding=\"async\" width=\"1024\" height=\"768\" src=\"http:\/\/henriot-froid.fr\/wp-content\/uploads\/2019\/04\/IMG_1554-1024x768.jpg\" alt=\"\" data-id=\"128\" data-link=\"http:\/\/henriot-froid.fr\/index.php\/froid-industriel-commercial\/img_1554\/\" class=\"wp-image-128\" srcset=\"https:\/\/henriot-froid.fr\/wp-content\/uploads\/2019\/04\/IMG_1554-1024x768.jpg 1024w, https:\/\/henriot-froid.fr\/wp-content\/uploads\/2019\/04\/IMG_1554-300x225.jpg 300w, https:\/\/henriot-froid.fr\/wp-content\/uploads\/2019\/04\/IMG_1554-768x576.jpg 768w, https:\/\/henriot-froid.fr\/wp-content\/uploads\/2019\/04\/IMG_1554-800x600.jpg 800w\" sizes=\"(max-width: 1024px) 100vw, 1024px\" \/><\/figure><\/li><li class=\"blocks-gallery-item\"><figure><img loading=\"lazy\" decoding=\"async\" width=\"1024\" height=\"768\" src=\"http:\/\/henriot-froid.fr\/wp-content\/uploads\/2019\/04\/IMG_1421-1024x768.jpg\" alt=\"\" data-id=\"130\" data-link=\"http:\/\/henriot-froid.fr\/index.php\/froid-industriel-commercial\/img_1421\/\" class=\"wp-image-130\" srcset=\"https:\/\/henriot-froid.fr\/wp-content\/uploads\/2019\/04\/IMG_1421-1024x768.jpg 1024w, https:\/\/henriot-froid.fr\/wp-content\/uploads\/2019\/04\/IMG_1421-300x225.jpg 300w, https:\/\/henriot-froid.fr\/wp-content\/uploads\/2019\/04\/IMG_1421-768x576.jpg 768w, https:\/\/henriot-froid.fr\/wp-content\/uploads\/2019\/04\/IMG_1421-800x600.jpg 800w\" sizes=\"(max-width: 1024px) 100vw, 1024px\" \/><\/figure><\/li><li class=\"blocks-gallery-item\"><figure><img loading=\"lazy\" decoding=\"async\" width=\"1024\" height=\"768\" src=\"http:\/\/henriot-froid.fr\/wp-content\/uploads\/2019\/04\/100_0084-1-1024x768.jpg\" alt=\"\" data-id=\"131\" data-link=\"http:\/\/henriot-froid.fr\/index.php\/froid-industriel-commercial\/100_0084-2\/\" class=\"wp-image-131\" srcset=\"https:\/\/henriot-froid.fr\/wp-content\/uploads\/2019\/04\/100_0084-1-1024x768.jpg 1024w, https:\/\/henriot-froid.fr\/wp-content\/uploads\/2019\/04\/100_0084-1-300x225.jpg 300w, https:\/\/henriot-froid.fr\/wp-content\/uploads\/2019\/04\/100_0084-1-768x576.jpg 768w, https:\/\/henriot-froid.fr\/wp-content\/uploads\/2019\/04\/100_0084-1-800x600.jpg 800w\" sizes=\"(max-width: 1024px) 100vw, 1024px\" \/><\/figure><\/li><li class=\"blocks-gallery-item\"><figure><img loading=\"lazy\" decoding=\"async\" width=\"1024\" height=\"768\" src=\"http:\/\/henriot-froid.fr\/wp-content\/uploads\/2019\/04\/IMG_1361-1024x768.jpg\" alt=\"\" data-id=\"138\" data-link=\"http:\/\/henriot-froid.fr\/index.php\/froid-industriel-commercial\/img_1361\/\" class=\"wp-image-138\" srcset=\"https:\/\/henriot-froid.fr\/wp-content\/uploads\/2019\/04\/IMG_1361-1024x768.jpg 1024w, https:\/\/henriot-froid.fr\/wp-content\/uploads\/2019\/04\/IMG_1361-300x225.jpg 300w, https:\/\/henriot-froid.fr\/wp-content\/uploads\/2019\/04\/IMG_1361-768x576.jpg 768w, https:\/\/henriot-froid.fr\/wp-content\/uploads\/2019\/04\/IMG_1361-800x600.jpg 800w\" sizes=\"(max-width: 1024px) 100vw, 1024px\" \/><\/figure><\/li><\/ul>\n","protected":false},"excerpt":{"rendered":"<p>LE FROID\u00a0: -Entrep\u00f4t frigorifique. (Positif ou N\u00e9gatif) -Froid Agroalimentaire et Viticole. -Chambre froide alimentaire et de cong\u00e9lation. -Froid industriel. \u00a0 HENRIOT SAS \u00a0vous propose son expertise en froid agroalimentaire, viticole et industriel. Nous sommes capables de concevoir des solutions sur mesure, parfaitement adapt\u00e9s \u00e0 vos&#8230;<\/p>\n","protected":false},"author":1,"featured_media":0,"parent":179,"menu_order":0,"comment_status":"closed","ping_status":"closed","template":"","meta":{"footnotes":""},"class_list":["post-26","page","type-page","status-publish","hentry"],"yoast_head":"<!-- This site is optimized with the Yoast SEO plugin v25.6 - https:\/\/yoast.com\/wordpress\/plugins\/seo\/ -->\n<title>FROID INDUSTRIEL ET COMMERCIAL - HENRIOT FROID SEZANNE<\/title>\n<meta name=\"robots\" content=\"index, follow, max-snippet:-1, max-image-preview:large, max-video-preview:-1\" \/>\n<link rel=\"canonical\" href=\"https:\/\/henriot-froid.fr\/index.php\/ets-henriot-sas\/froid-industriel-commercial\/\" \/>\n<meta property=\"og:locale\" content=\"fr_FR\" \/>\n<meta property=\"og:type\" content=\"article\" \/>\n<meta property=\"og:title\" content=\"FROID INDUSTRIEL ET COMMERCIAL - HENRIOT FROID SEZANNE\" \/>\n<meta property=\"og:description\" content=\"LE FROID\u00a0: -Entrep\u00f4t frigorifique. (Positif ou N\u00e9gatif) -Froid Agroalimentaire et Viticole. -Chambre froide alimentaire et de cong\u00e9lation. -Froid industriel. \u00a0 HENRIOT SAS \u00a0vous propose son expertise en froid agroalimentaire, viticole et industriel. Nous sommes capables de concevoir des solutions sur mesure, parfaitement adapt\u00e9s \u00e0 vos...\" \/>\n<meta property=\"og:url\" content=\"https:\/\/henriot-froid.fr\/index.php\/ets-henriot-sas\/froid-industriel-commercial\/\" \/>\n<meta property=\"og:site_name\" content=\"HENRIOT FROID SEZANNE\" \/>\n<meta property=\"article:modified_time\" content=\"2019-10-04T08:32:08+00:00\" \/>\n<meta property=\"og:image\" content=\"http:\/\/henriot-froid.fr\/wp-content\/uploads\/2019\/10\/IMG_3134-1-1024x768.jpg\" \/>\n<meta name=\"twitter:card\" content=\"summary_large_image\" \/>\n<meta name=\"twitter:label1\" content=\"Dur\u00e9e de lecture estim\u00e9e\" \/>\n\t<meta name=\"twitter:data1\" content=\"3 minutes\" \/>\n<script type=\"application\/ld+json\" class=\"yoast-schema-graph\">{\"@context\":\"https:\/\/schema.org\",\"@graph\":[{\"@type\":\"WebPage\",\"@id\":\"https:\/\/henriot-froid.fr\/index.php\/ets-henriot-sas\/froid-industriel-commercial\/\",\"url\":\"https:\/\/henriot-froid.fr\/index.php\/ets-henriot-sas\/froid-industriel-commercial\/\",\"name\":\"FROID INDUSTRIEL ET COMMERCIAL - HENRIOT FROID SEZANNE\",\"isPartOf\":{\"@id\":\"https:\/\/henriot-froid.fr\/#website\"},\"primaryImageOfPage\":{\"@id\":\"https:\/\/henriot-froid.fr\/index.php\/ets-henriot-sas\/froid-industriel-commercial\/#primaryimage\"},\"image\":{\"@id\":\"https:\/\/henriot-froid.fr\/index.php\/ets-henriot-sas\/froid-industriel-commercial\/#primaryimage\"},\"thumbnailUrl\":\"http:\/\/henriot-froid.fr\/wp-content\/uploads\/2019\/10\/IMG_3134-1-1024x768.jpg\",\"datePublished\":\"2018-03-22T20:16:26+00:00\",\"dateModified\":\"2019-10-04T08:32:08+00:00\",\"breadcrumb\":{\"@id\":\"https:\/\/henriot-froid.fr\/index.php\/ets-henriot-sas\/froid-industriel-commercial\/#breadcrumb\"},\"inLanguage\":\"fr-FR\",\"potentialAction\":[{\"@type\":\"ReadAction\",\"target\":[\"https:\/\/henriot-froid.fr\/index.php\/ets-henriot-sas\/froid-industriel-commercial\/\"]}]},{\"@type\":\"ImageObject\",\"inLanguage\":\"fr-FR\",\"@id\":\"https:\/\/henriot-froid.fr\/index.php\/ets-henriot-sas\/froid-industriel-commercial\/#primaryimage\",\"url\":\"http:\/\/henriot-froid.fr\/wp-content\/uploads\/2019\/10\/IMG_3134-1-1024x768.jpg\",\"contentUrl\":\"http:\/\/henriot-froid.fr\/wp-content\/uploads\/2019\/10\/IMG_3134-1-1024x768.jpg\"},{\"@type\":\"BreadcrumbList\",\"@id\":\"https:\/\/henriot-froid.fr\/index.php\/ets-henriot-sas\/froid-industriel-commercial\/#breadcrumb\",\"itemListElement\":[{\"@type\":\"ListItem\",\"position\":1,\"name\":\"Accueil\",\"item\":\"https:\/\/henriot-froid.fr\/\"},{\"@type\":\"ListItem\",\"position\":2,\"name\":\"Accueil\",\"item\":\"https:\/\/henriot-froid.fr\/\"},{\"@type\":\"ListItem\",\"position\":3,\"name\":\"FROID INDUSTRIEL ET COMMERCIAL\"}]},{\"@type\":\"WebSite\",\"@id\":\"https:\/\/henriot-froid.fr\/#website\",\"url\":\"https:\/\/henriot-froid.fr\/\",\"name\":\"HENRIOT FROID SEZANNE\",\"description\":\"\",\"potentialAction\":[{\"@type\":\"SearchAction\",\"target\":{\"@type\":\"EntryPoint\",\"urlTemplate\":\"https:\/\/henriot-froid.fr\/?s={search_term_string}\"},\"query-input\":{\"@type\":\"PropertyValueSpecification\",\"valueRequired\":true,\"valueName\":\"search_term_string\"}}],\"inLanguage\":\"fr-FR\"}]}<\/script>\n<!-- \/ Yoast SEO plugin. -->","yoast_head_json":{"title":"FROID INDUSTRIEL ET COMMERCIAL - HENRIOT FROID SEZANNE","robots":{"index":"index","follow":"follow","max-snippet":"max-snippet:-1","max-image-preview":"max-image-preview:large","max-video-preview":"max-video-preview:-1"},"canonical":"https:\/\/henriot-froid.fr\/index.php\/ets-henriot-sas\/froid-industriel-commercial\/","og_locale":"fr_FR","og_type":"article","og_title":"FROID INDUSTRIEL ET COMMERCIAL - HENRIOT FROID SEZANNE","og_description":"LE FROID\u00a0: -Entrep\u00f4t frigorifique. (Positif ou N\u00e9gatif) -Froid Agroalimentaire et Viticole. -Chambre froide alimentaire et de cong\u00e9lation. -Froid industriel. \u00a0 HENRIOT SAS \u00a0vous propose son expertise en froid agroalimentaire, viticole et industriel. Nous sommes capables de concevoir des solutions sur mesure, parfaitement adapt\u00e9s \u00e0 vos...","og_url":"https:\/\/henriot-froid.fr\/index.php\/ets-henriot-sas\/froid-industriel-commercial\/","og_site_name":"HENRIOT FROID SEZANNE","article_modified_time":"2019-10-04T08:32:08+00:00","og_image":[{"url":"http:\/\/henriot-froid.fr\/wp-content\/uploads\/2019\/10\/IMG_3134-1-1024x768.jpg","type":"","width":"","height":""}],"twitter_card":"summary_large_image","twitter_misc":{"Dur\u00e9e de lecture estim\u00e9e":"3 minutes"},"schema":{"@context":"https:\/\/schema.org","@graph":[{"@type":"WebPage","@id":"https:\/\/henriot-froid.fr\/index.php\/ets-henriot-sas\/froid-industriel-commercial\/","url":"https:\/\/henriot-froid.fr\/index.php\/ets-henriot-sas\/froid-industriel-commercial\/","name":"FROID INDUSTRIEL ET COMMERCIAL - HENRIOT FROID SEZANNE","isPartOf":{"@id":"https:\/\/henriot-froid.fr\/#website"},"primaryImageOfPage":{"@id":"https:\/\/henriot-froid.fr\/index.php\/ets-henriot-sas\/froid-industriel-commercial\/#primaryimage"},"image":{"@id":"https:\/\/henriot-froid.fr\/index.php\/ets-henriot-sas\/froid-industriel-commercial\/#primaryimage"},"thumbnailUrl":"http:\/\/henriot-froid.fr\/wp-content\/uploads\/2019\/10\/IMG_3134-1-1024x768.jpg","datePublished":"2018-03-22T20:16:26+00:00","dateModified":"2019-10-04T08:32:08+00:00","breadcrumb":{"@id":"https:\/\/henriot-froid.fr\/index.php\/ets-henriot-sas\/froid-industriel-commercial\/#breadcrumb"},"inLanguage":"fr-FR","potentialAction":[{"@type":"ReadAction","target":["https:\/\/henriot-froid.fr\/index.php\/ets-henriot-sas\/froid-industriel-commercial\/"]}]},{"@type":"ImageObject","inLanguage":"fr-FR","@id":"https:\/\/henriot-froid.fr\/index.php\/ets-henriot-sas\/froid-industriel-commercial\/#primaryimage","url":"http:\/\/henriot-froid.fr\/wp-content\/uploads\/2019\/10\/IMG_3134-1-1024x768.jpg","contentUrl":"http:\/\/henriot-froid.fr\/wp-content\/uploads\/2019\/10\/IMG_3134-1-1024x768.jpg"},{"@type":"BreadcrumbList","@id":"https:\/\/henriot-froid.fr\/index.php\/ets-henriot-sas\/froid-industriel-commercial\/#breadcrumb","itemListElement":[{"@type":"ListItem","position":1,"name":"Accueil","item":"https:\/\/henriot-froid.fr\/"},{"@type":"ListItem","position":2,"name":"Accueil","item":"https:\/\/henriot-froid.fr\/"},{"@type":"ListItem","position":3,"name":"FROID INDUSTRIEL ET COMMERCIAL"}]},{"@type":"WebSite","@id":"https:\/\/henriot-froid.fr\/#website","url":"https:\/\/henriot-froid.fr\/","name":"HENRIOT FROID SEZANNE","description":"","potentialAction":[{"@type":"SearchAction","target":{"@type":"EntryPoint","urlTemplate":"https:\/\/henriot-froid.fr\/?s={search_term_string}"},"query-input":{"@type":"PropertyValueSpecification","valueRequired":true,"valueName":"search_term_string"}}],"inLanguage":"fr-FR"}]}},"_links":{"self":[{"href":"https:\/\/henriot-froid.fr\/index.php\/wp-json\/wp\/v2\/pages\/26"}],"collection":[{"href":"https:\/\/henriot-froid.fr\/index.php\/wp-json\/wp\/v2\/pages"}],"about":[{"href":"https:\/\/henriot-froid.fr\/index.php\/wp-json\/wp\/v2\/types\/page"}],"author":[{"embeddable":true,"href":"https:\/\/henriot-froid.fr\/index.php\/wp-json\/wp\/v2\/users\/1"}],"replies":[{"embeddable":true,"href":"https:\/\/henriot-froid.fr\/index.php\/wp-json\/wp\/v2\/comments?post=26"}],"version-history":[{"count":9,"href":"https:\/\/henriot-froid.fr\/index.php\/wp-json\/wp\/v2\/pages\/26\/revisions"}],"predecessor-version":[{"id":260,"href":"https:\/\/henriot-froid.fr\/index.php\/wp-json\/wp\/v2\/pages\/26\/revisions\/260"}],"up":[{"embeddable":true,"href":"https:\/\/henriot-froid.fr\/index.php\/wp-json\/wp\/v2\/pages\/179"}],"wp:attachment":[{"href":"https:\/\/henriot-froid.fr\/index.php\/wp-json\/wp\/v2\/media?parent=26"}],"curies":[{"name":"wp","href":"https:\/\/api.w.org\/{rel}","templated":true}]}}